{"id":6015,"date":"2025-11-01T14:29:53","date_gmt":"2025-11-01T14:29:53","guid":{"rendered":"https:\/\/mimitosbalanceados.com\/?post_type=product&#038;p=6015"},"modified":"2025-11-01T14:29:54","modified_gmt":"2025-11-01T14:29:54","slug":"pro-plan-adulto-mediano-153-kg-bonus","status":"publish","type":"product","link":"https:\/\/mimitosbalanceados.com\/?product=pro-plan-adulto-mediano-153-kg-bonus","title":{"rendered":"PRO PLAN ADULTO MEDIANO 15+3 KG BONUS"},"content":{"rendered":"","protected":false},"excerpt":{"rendered":"<h3><strong>DESCRIPCION<\/strong><\/h3>\n<p>Provee nutrici\u00f3n de avanzada que ayuda a los perros de razas medianas a mantenerse fuertes y llenos de vitalidad.<br \/>\nEsta f\u00f3rmula ofrece, a trav\u00e9s de sus sabrosas croquetas, un contenido rico en prote\u00ednas (26%) y grasas (15%), utilizando como ingrediente principal carne fresca de pollo, que ayuda a los perros a mantener la masa corporal magra y m\u00fasculos fuertes.<\/p>\n<p>&nbsp;<\/p>\n<h3><strong>BENEFICIOS<\/strong><\/h3>\n<ul>\n<li>Refuerza el sistema inmune.<\/li>\n<li>Vitamina A y E, que ayuda a mantener las defensas naturales del sistema inmunol\u00f3gico, asegurando una mejor respuesta a los desafios externos.<\/li>\n<li>Fortalece la microflora intestinal.<\/li>\n<li>Ayuda a optimizar la absorci\u00f3n de nutrientes clave, fortaleciendo y estabilizando la microflora intestinal y, por lo tanto, mejorando la salud del sistema digestivo.<\/li>\n<li>Refuerza la barrera cut\u00e1nea.<\/li>\n<li>Contiene \u00e1cidos grasos Omega 6 y vitamina A, que sumados a \u00e1cidos grasos Omega 3 y minerales, promueven una piel flexible y un pelaje resistente y brillante, actuando como la primera linea de defensa que tiene un perro contra amenazas externas.<\/li>\n<\/ul>\n","protected":false},"featured_media":6016,"comment_status":"open","ping_status":"closed","template":"","meta":{"_uag_custom_page_level_css":"","_kad_post_transparent":"default","_kad_post_title":"","_kad_post_layout":"default","_kad_post_sidebar_id":"","_kad_post_content_style":"default","_kad_post_vertical_padding":"default","_kad_post_feature":"","_kad_post_feature_position":"","_kad_post_header":false,"_kad_post_footer":false},"product_brand":[],"product_cat":[32],"product_tag":[],"class_list":{"0":"post-6015","1":"product","2":"type-product","3":"status-publish","4":"has-post-thumbnail","6":"product_cat-perros","7":"product_shipping_class-correo-argentino","9":"first","10":"instock","11":"sale","12":"shipping-taxable","13":"purchasable","14":"product-type-simple","15":"entry","16":"content-bg","17":"loop-entry"},"aioseo_notices":[],"uagb_featured_image_src":{"full":["https:\/\/mimitosbalanceados.com\/wp-content\/uploads\/2025\/11\/7613287119575_11-b839b8a444a494412016031357244124-640-0.webp",640,640,false],"thumbnail":["https:\/\/mimitosbalanceados.com\/wp-content\/uploads\/2025\/11\/7613287119575_11-b839b8a444a494412016031357244124-640-0-150x150.webp",150,150,true],"medium":["https:\/\/mimitosbalanceados.com\/wp-content\/uploads\/2025\/11\/7613287119575_11-b839b8a444a494412016031357244124-640-0-300x300.webp",300,300,true],"medium_large":["https:\/\/mimitosbalanceados.com\/wp-content\/uploads\/2025\/11\/7613287119575_11-b839b8a444a494412016031357244124-640-0.webp",640,640,false],"large":["https:\/\/mimitosbalanceados.com\/wp-content\/uploads\/2025\/11\/7613287119575_11-b839b8a444a494412016031357244124-640-0.webp",640,640,false],"1536x1536":["https:\/\/mimitosbalanceados.com\/wp-content\/uploads\/2025\/11\/7613287119575_11-b839b8a444a494412016031357244124-640-0.webp",640,640,false],"2048x2048":["https:\/\/mimitosbalanceados.com\/wp-content\/uploads\/2025\/11\/7613287119575_11-b839b8a444a494412016031357244124-640-0.webp",640,640,false],"woocommerce_thumbnail":["https:\/\/mimitosbalanceados.com\/wp-content\/uploads\/2025\/11\/7613287119575_11-b839b8a444a494412016031357244124-640-0-300x300.webp",300,300,true],"woocommerce_single":["https:\/\/mimitosbalanceados.com\/wp-content\/uploads\/2025\/11\/7613287119575_11-b839b8a444a494412016031357244124-640-0-600x600.webp",600,600,true],"woocommerce_gallery_thumbnail":["https:\/\/mimitosbalanceados.com\/wp-content\/uploads\/2025\/11\/7613287119575_11-b839b8a444a494412016031357244124-640-0-100x100.webp",100,100,true]},"uagb_author_info":{"display_name":"Enzo Fernando","author_link":"https:\/\/mimitosbalanceados.com\/?author=0"},"uagb_comment_info":0,"uagb_excerpt":"DESCRIPCION Provee nutrici\u00f3n de avanzada que ayuda a los perros de razas medianas a mantenerse fuertes y llenos de vitalidad. Esta f\u00f3rmula ofrece, a trav\u00e9s de sus sabrosas croquetas, un contenido rico en prote\u00ednas (26%) y grasas (15%), utilizando como ingrediente principal carne fresca de pollo, que ayuda a los perros a mantener la masa&hellip;","_links":{"self":[{"href":"https:\/\/mimitosbalanceados.com\/index.php?rest_route=\/wp\/v2\/product\/6015","targetHints":{"allow":["GET"]}}],"collection":[{"href":"https:\/\/mimitosbalanceados.com\/index.php?rest_route=\/wp\/v2\/product"}],"about":[{"href":"https:\/\/mimitosbalanceados.com\/index.php?rest_route=\/wp\/v2\/types\/product"}],"replies":[{"embeddable":true,"href":"https:\/\/mimitosbalanceados.com\/index.php?rest_route=%2Fwp%2Fv2%2Fcomments&post=6015"}],"wp:featuredmedia":[{"embeddable":true,"href":"https:\/\/mimitosbalanceados.com\/index.php?rest_route=\/wp\/v2\/media\/6016"}],"wp:attachment":[{"href":"https:\/\/mimitosbalanceados.com\/index.php?rest_route=%2Fwp%2Fv2%2Fmedia&parent=6015"}],"wp:term":[{"taxonomy":"product_brand","embeddable":true,"href":"https:\/\/mimitosbalanceados.com\/index.php?rest_route=%2Fwp%2Fv2%2Fproduct_brand&post=6015"},{"taxonomy":"product_cat","embeddable":true,"href":"https:\/\/mimitosbalanceados.com\/index.php?rest_route=%2Fwp%2Fv2%2Fproduct_cat&post=6015"},{"taxonomy":"product_tag","embeddable":true,"href":"https:\/\/mimitosbalanceados.com\/index.php?rest_route=%2Fwp%2Fv2%2Fproduct_tag&post=6015"}],"curies":[{"name":"wp","href":"https:\/\/api.w.org\/{rel}","templated":true}]}}