{"id":5995,"date":"2025-10-31T05:00:27","date_gmt":"2025-10-31T05:00:27","guid":{"rendered":"https:\/\/mimitosbalanceados.com\/?post_type=product&#038;p=5995"},"modified":"2025-10-31T05:00:27","modified_gmt":"2025-10-31T05:00:27","slug":"pouch-pedigree-adulto-carne-en-salsa-x-100-grs","status":"publish","type":"product","link":"https:\/\/mimitosbalanceados.com\/?product=pouch-pedigree-adulto-carne-en-salsa-x-100-grs","title":{"rendered":"Pouch Pedigree Adulto Carne En Salsa X 100 Grs"},"content":{"rendered":"<div class=\"vtex-render__container-id-specifications-group\">\n<div class=\"vtex-flex-layout-0-x-flexRow vtex-flex-layout-0-x-flexRow--specification-group\" aria-label=\"Secci\u00f3n fila\">\n<section class=\"vtex-store-components-3-x-container ph3 ph5-m ph2-xl mw9 center \">\n<div class=\"flex mt0 mb0 pt0 pb0    justify-start vtex-flex-layout-0-x-flexRowContent vtex-flex-layout-0-x-flexRowContent--specification-group items-stretch w-100\">\n<div class=\"pr0 items-stretch vtex-flex-layout-0-x-stretchChildrenWidth   flex\">\n<div class=\"vtex-store-components-3-x-productDescriptionContainer\">\n<div class=\"vtex-store-components-3-x-productDescriptionText c-muted-1\">\n<div class=\"vtex-store-components-3-x-container relative\">\n<div class=\"vtex-store-components-3-x-content h-auto\">Pedigree\u00ae Sobrecito Adulto con ingredientes naturales es alimento h\u00famedo 100% completo y balanceado cocido al vapor, que contiene suaves trocitos en salsa y ha sido formulado para perros adultos aportando, vitalidad y energ\u00eda en cada porci\u00f3n. &#8211; Ayuda al sistema inmune gracias a la vitamina E. &#8211; Fuente de prote\u00edna. &#8211; Sin sabores ni conservantes artificiales. &#8211; Contiene Omega 6 y Zinc que ayudan a una piel y pelo saludable. &#8211; Balance ideal de fibras que proporciona heces firmes y f\u00e1ciles de limpiar. &#8211; \u00a1Pod\u00e9s combinarlo con alimento seco Pedigree\u00ae todos los d\u00edas! \u00a1Conoc\u00e9 m\u00e1s sabores de Pedigree\u00ae SOBRECITOS! PEDIGREE\u00ae es la marca n\u00famero uno en ventas en todo el mundo con productos que los perros adoran y que los due\u00f1os conf\u00edan. Todas las recetas de PEDIGREE se desarrollan en base a las pautas nutricionales del Centro de Investigaci\u00f3n WALTHAM, una de las principales autoridades mundiales en el cuidado y la nutrici\u00f3n de las mascotas. Por cada producto PEDIGREE\u00ae que compras, est\u00e1s contribuyendo a que m\u00e1s perros en situaci\u00f3n de calle puedan tener un hogar amoroso. Conoc\u00e9 Adopci\u00f3n PEDIGREE\u00ae, un programa de adopci\u00f3n de mascotas sin hogar.<\/div>\n<\/div>\n<\/div>\n<\/div>\n<\/div>\n<\/div>\n<\/section>\n<\/div>\n<\/div>\n<div class=\"vtex-render__container-id-shelf-page-product\">\n<div class=\"vtex-flex-layout-0-x-flexRow vtex-flex-layout-0-x-flexRow--shelf vtex-flex-layout-0-x-flexRow--shelfProduct vtex-flex-layout-0-x-flexRow--shelfWithBackground vtex-flex-layout-0-x-flexRow--shelf-slider\" aria-label=\"Secci\u00f3n fila\">\n<section class=\"vtex-store-components-3-x-container ph3 ph5-m ph2-xl mw9 center \">\n<div class=\"flex mt0 mb0 pt0 pb0    justify-start vtex-flex-layout-0-x-flexRowContent vtex-flex-layout-0-x-flexRowContent--shelf vtex-flex-layout-0-x-flexRowContent--shelfProduct vtex-flex-layout-0-x-flexRowContent--shelfWithBackground vtex-flex-layout-0-x-flexRowContent--shelf-slider items-stretch w-100\">\n<div class=\"pr0 items-stretch vtex-flex-layout-0-x-stretchChildrenWidth   flex\">\n<div class=\"vtex-rich-text-0-x-container vtex-rich-text-0-x-container--shelf-title vtex-rich-text-0-x-container--shelf-title-related flex tc items-center justify-center t-body c-on-base\">\n<div class=\"vtex-rich-text-0-x-wrapper vtex-rich-text-0-x-wrapper--shelf-title vtex-rich-text-0-x-wrapper--shelf-title-related\">\n<h2 class=\"vtex-rich-text-0-x-heading vtex-rich-text-0-x-heading--shelf-title vtex-rich-text-0-x-heading--shelf-title-related t-heading-2 vtex-rich-text-0-x-headingLevel2 vtex-rich-text-0-x-headingLevel2--shelf-title vtex-rich-text-0-x-headingLevel2--shelf-title-related vtex-rich-text-0-x-heading-level-2\">RECOMENDADOS<\/h2>\n<\/div>\n<\/div>\n<\/div>\n<\/div>\n<\/section>\n<\/div>\n<\/div>\n","protected":false},"excerpt":{"rendered":"<p>Pedigree\u00ae Sobrecito Adulto con ingredientes naturales es alimento h\u00famedo 100% completo y balanceado cocido al vapor, que contiene suaves trocitos en salsa y ha sido formulado para perros adultos aportando, vitalidad y energ\u00eda en cada porci\u00f3n. &#8211; Ayuda al sistema inmune gracias a la vitamina E. &#8211; Fuente de prote\u00edna. &#8211; Sin sabores ni conservantes&#8230;<\/p>\n","protected":false},"featured_media":5996,"comment_status":"open","ping_status":"closed","template":"","meta":{"_uag_custom_page_level_css":"","_kad_post_transparent":"default","_kad_post_title":"","_kad_post_layout":"default","_kad_post_sidebar_id":"","_kad_post_content_style":"default","_kad_post_vertical_padding":"default","_kad_post_feature":"","_kad_post_feature_position":"","_kad_post_header":false,"_kad_post_footer":false},"product_brand":[],"product_cat":[39],"product_tag":[],"class_list":{"0":"post-5995","1":"product","2":"type-product","3":"status-publish","4":"has-post-thumbnail","6":"product_cat-gatos","7":"product_shipping_class-correo-argentino","9":"first","10":"instock","11":"sale","12":"shipping-taxable","13":"purchasable","14":"product-type-simple","15":"entry","16":"content-bg","17":"loop-entry"},"aioseo_notices":[],"uagb_featured_image_src":{"full":["https:\/\/mimitosbalanceados.com\/wp-content\/uploads\/2025\/10\/169590-800-auto.webp",800,800,false],"thumbnail":["https:\/\/mimitosbalanceados.com\/wp-content\/uploads\/2025\/10\/169590-800-auto-150x150.webp",150,150,true],"medium":["https:\/\/mimitosbalanceados.com\/wp-content\/uploads\/2025\/10\/169590-800-auto-300x300.webp",300,300,true],"medium_large":["https:\/\/mimitosbalanceados.com\/wp-content\/uploads\/2025\/10\/169590-800-auto-768x768.webp",768,768,true],"large":["https:\/\/mimitosbalanceados.com\/wp-content\/uploads\/2025\/10\/169590-800-auto.webp",800,800,false],"1536x1536":["https:\/\/mimitosbalanceados.com\/wp-content\/uploads\/2025\/10\/169590-800-auto.webp",800,800,false],"2048x2048":["https:\/\/mimitosbalanceados.com\/wp-content\/uploads\/2025\/10\/169590-800-auto.webp",800,800,false],"woocommerce_thumbnail":["https:\/\/mimitosbalanceados.com\/wp-content\/uploads\/2025\/10\/169590-800-auto-300x300.webp",300,300,true],"woocommerce_single":["https:\/\/mimitosbalanceados.com\/wp-content\/uploads\/2025\/10\/169590-800-auto-600x600.webp",600,600,true],"woocommerce_gallery_thumbnail":["https:\/\/mimitosbalanceados.com\/wp-content\/uploads\/2025\/10\/169590-800-auto-100x100.webp",100,100,true]},"uagb_author_info":{"display_name":"Enzo Fernando","author_link":"https:\/\/mimitosbalanceados.com\/?author=0"},"uagb_comment_info":0,"uagb_excerpt":"Pedigree\u00ae Sobrecito Adulto con ingredientes naturales es alimento h\u00famedo 100% completo y balanceado cocido al vapor, que contiene suaves trocitos en salsa y ha sido formulado para perros adultos aportando, vitalidad y energ\u00eda en cada porci\u00f3n. &#8211; Ayuda al sistema inmune gracias a la vitamina E. &#8211; Fuente de prote\u00edna. &#8211; Sin sabores ni conservantes...","_links":{"self":[{"href":"https:\/\/mimitosbalanceados.com\/index.php?rest_route=\/wp\/v2\/product\/5995","targetHints":{"allow":["GET"]}}],"collection":[{"href":"https:\/\/mimitosbalanceados.com\/index.php?rest_route=\/wp\/v2\/product"}],"about":[{"href":"https:\/\/mimitosbalanceados.com\/index.php?rest_route=\/wp\/v2\/types\/product"}],"replies":[{"embeddable":true,"href":"https:\/\/mimitosbalanceados.com\/index.php?rest_route=%2Fwp%2Fv2%2Fcomments&post=5995"}],"wp:featuredmedia":[{"embeddable":true,"href":"https:\/\/mimitosbalanceados.com\/index.php?rest_route=\/wp\/v2\/media\/5996"}],"wp:attachment":[{"href":"https:\/\/mimitosbalanceados.com\/index.php?rest_route=%2Fwp%2Fv2%2Fmedia&parent=5995"}],"wp:term":[{"taxonomy":"product_brand","embeddable":true,"href":"https:\/\/mimitosbalanceados.com\/index.php?rest_route=%2Fwp%2Fv2%2Fproduct_brand&post=5995"},{"taxonomy":"product_cat","embeddable":true,"href":"https:\/\/mimitosbalanceados.com\/index.php?rest_route=%2Fwp%2Fv2%2Fproduct_cat&post=5995"},{"taxonomy":"product_tag","embeddable":true,"href":"https:\/\/mimitosbalanceados.com\/index.php?rest_route=%2Fwp%2Fv2%2Fproduct_tag&post=5995"}],"curies":[{"name":"wp","href":"https:\/\/api.w.org\/{rel}","templated":true}]}}