{"id":5989,"date":"2025-10-31T04:41:23","date_gmt":"2025-10-31T04:41:23","guid":{"rendered":"https:\/\/mimitosbalanceados.com\/?post_type=product&#038;p=5989"},"modified":"2025-10-31T05:03:14","modified_gmt":"2025-10-31T05:03:14","slug":"pet-cover-funda-cubre-asiento-para-mascota-impermeable-auto","status":"publish","type":"product","link":"https:\/\/mimitosbalanceados.com\/?product=pet-cover-funda-cubre-asiento-para-mascota-impermeable-auto","title":{"rendered":"Pet Cover Funda Cubre Asiento Para Mascota Impermeable Auto"},"content":{"rendered":"<p>FUNDA CUBRE ASIENTO TRASERO PARA MASCOTAS<\/p>\n<p>Caracter\u00edsticas:<br \/>\n&gt; CONFECCIONADO LONA PL\u00c1STICA IMPERMEABLE.<br \/>\n&gt; F\u00c1CIL LIMPIEZA.<br \/>\n&gt; IMPERMEABLE.<br \/>\n&gt; SUPER RESISTENTE.<br \/>\n&gt; INCLUYE CORREAS DE SUJECI\u00d3N PARA LOS APOYACABEZAS Y ABERTURAS PARA CINTUR\u00d3N DE SEGURIDAD, ABERTURA CENTRAL CON ABROJO EN LA PARTE FRONTAL Y COSTADOS.<br \/>\n&gt; HEBILLA MOCHILERA DE SEGURIDAD, PARA EVITAR APERTURAS.<br \/>\n&gt; USO CERRADO COMPLETO O APERTURA INTERMEDIA Y LATERAL.<br \/>\n&gt; COLOR CAMUFLADO, NEGRO Y VERDE MILITAR<br \/>\n&gt; UNIVERSAL ADAPTABLE AL %100 DE LOS AUTOS<\/p>\n<p>&#8212;&#8212;&#8212;&#8212;&#8212;&#8212;&#8212;&#8212;&#8212;&#8212;&#8212;&#8212;&#8212;&#8212;&#8212;&#8212;&#8212;&#8212;&#8212;&#8212;&#8212;&#8212;&#8212;&#8212;&#8212;&#8212;&#8212;&#8212;&#8212;&#8212;&#8212;&#8212;&#8212;&#8212;-<\/p>\n<p>\u00a1SOMOS DINAMIC STORE!<\/p>\n<p>Somos una empresa l\u00edder con amplia trayectoria en el rubro con m\u00e1s de 150.000 operaciones concretadas exitosamente. Tenemos m\u00e1s de 10 a\u00f1os de experiencia y somos Mercado L\u00edder Platinum en nuestra categor\u00eda. Nuestros productos son de calidad certificada y hacemos env\u00edos a todo el pa\u00eds. Tambi\u00e9n realizamos facturas A y B.<br \/>\n&#8212;&#8212;&#8212;&#8212;&#8212;&#8212;&#8212;&#8212;&#8212;&#8212;&#8212;&#8212;&#8212;&#8212;&#8212;&#8212;&#8212;&#8212;&#8212;&#8212;&#8212;&#8212;&#8212;&#8212;&#8212;&#8212;&#8212;&#8212;&#8212;&#8212;&#8212;&#8212;&#8212;&#8212;-<\/p>\n<p>GARANT\u00cdA:<\/p>\n<p>\u2022 Todos nuestros productos cuentan con la Garant\u00eda Oficial del Fabricante.<\/p>\n<p>&#8212;&#8212;&#8212;&#8212;&#8212;&#8212;&#8212;&#8212;&#8212;&#8212;&#8212;&#8212;&#8212;&#8212;&#8212;&#8212;&#8212;&#8212;&#8212;&#8212;&#8212;&#8212;&#8212;&#8212;&#8212;&#8212;&#8212;&#8212;&#8212;&#8212;&#8212;&#8212;&#8212;&#8212;-<\/p>\n<p>30 D\u00cdAS DE PRUEBA:<\/p>\n<p>\u00a1Recib\u00ed el producto que esperabas o te devolvemos tu dinero! Estamos tan seguros de la excelencia de nuestros productos que te damos 30 d\u00edas para que lo pruebes. Si no est\u00e1s conforme, pod\u00e9s devolvernos el producto en perfectas condiciones y te devolveremos el dinero.<\/p>\n<p>&#8212;&#8212;&#8212;&#8212;&#8212;&#8212;&#8212;&#8212;&#8212;&#8212;&#8212;&#8212;&#8212;&#8212;&#8212;&#8212;&#8212;&#8212;&#8212;&#8212;&#8212;&#8212;&#8212;&#8212;&#8212;&#8212;&#8212;&#8212;&#8212;&#8212;&#8212;&#8212;&#8212;&#8212;-<\/p>\n<p>ENV\u00cdOS Y RETIRO DEL PRODUCTO:<\/p>\n<p>1. Mercado Env\u00edos: Hacemos env\u00edos a todo el pa\u00eds a trav\u00e9s de Mercado Env\u00edos si est\u00e1 habilitado en nuestras publicaciones (no incluye Tierra del Fuego, excepto que est\u00e9 habilitado en la publicaci\u00f3n). Pod\u00e9s calcular el costo y fecha del env\u00edo ingresando tu c\u00f3digo postal en la pesta\u00f1a de Mercado Env\u00edos.<\/p>\n<p>2. Moto privada: Tenemos env\u00edos en CABA y GBA de forma particular a trav\u00e9s de mensajer\u00eda en el d\u00eda comprando antes de las 13hs. Debes elegir la opci\u00f3n de env\u00edo a tu domicilio al momento de la compra.<\/p>\n<p>3. Micro o encomiendas: Hacemos env\u00edos al interior del pa\u00eds a trav\u00e9s de micros, encomiendas o expresos. Al momento de realizar la compra, elije la opci\u00f3n &#8220;Retiro por Domicilio del Vendedor&#8221; o &#8220;Acordar con el Vendedor&#8221; para luego solicitar el env\u00edo por micro. En caso de aplicar, se realiza un cargo adicional por el costo de embalaje y despacho del pedido hasta la sucursal de transporte en Capital Federal. Consultanos los costos.<\/p>\n<p>4. Retiro en persona: Tambi\u00e9n puedes hacer tu retiro en persona con turno previo por Villa Lynch, San Mart\u00edn. Al pie de la publicaci\u00f3n te indicamos c\u00f3mo llegar y nuestros horarios de atenci\u00f3n.<\/p>\n<p>Los medios de transporte que te acercan a nuestra ubicaci\u00f3n son:<\/p>\n<p>\u2022 Tren: Estamos cerca de la Estaci\u00f3n Coronel F. Lynch del Ferrocarril L\u00ednea Urquiza.<\/p>\n<p>\u2022 Colectivos: Nos encontramos cerca de las paradas de colectivos 123, 670, 161, 21, 28, 117, 87 y 78 (un radio de 6 cuadras aprox.) Cercano a Metrob\u00fas Av. San Mart\u00edn.<\/p>\n<p>Nuestros horarios de atenci\u00f3n son:<\/p>\n<p>\u2022 Lunes a viernes: 9 a 18hs.<br \/>\n\u2022 S\u00e1bado: 9 a 13hs.<\/p>\n<p>Garant\u00eda del vendedor: 30 d\u00edas<\/p>\n","protected":false},"excerpt":{"rendered":"<p>FUNDA CUBRE ASIENTO TRASERO PARA MASCOTAS Caracter\u00edsticas: &gt; CONFECCIONADO LONA PL\u00c1STICA IMPERMEABLE. &gt; F\u00c1CIL LIMPIEZA. &gt; IMPERMEABLE. &gt; SUPER RESISTENTE. &gt; INCLUYE CORREAS DE SUJECI\u00d3N PARA LOS APOYACABEZAS Y ABERTURAS PARA CINTUR\u00d3N DE SEGURIDAD, ABERTURA CENTRAL CON ABROJO EN LA PARTE FRONTAL Y COSTADOS. &gt; HEBILLA MOCHILERA DE SEGURIDAD, PARA EVITAR APERTURAS. &gt; USO CERRADO&#8230;<\/p>\n","protected":false},"featured_media":5990,"comment_status":"open","ping_status":"closed","template":"","meta":{"_uag_custom_page_level_css":"","_kad_post_transparent":"default","_kad_post_title":"","_kad_post_layout":"default","_kad_post_sidebar_id":"","_kad_post_content_style":"default","_kad_post_vertical_padding":"default","_kad_post_feature":"","_kad_post_feature_position":"","_kad_post_header":false,"_kad_post_footer":false},"product_brand":[],"product_cat":[15],"product_tag":[],"class_list":{"0":"post-5989","1":"product","2":"type-product","3":"status-publish","4":"has-post-thumbnail","6":"product_cat-mimitos","8":"first","9":"instock","10":"sale","11":"shipping-taxable","12":"purchasable","13":"product-type-simple","14":"entry","15":"content-bg","16":"loop-entry"},"aioseo_notices":[],"uagb_featured_image_src":{"full":["https:\/\/mimitosbalanceados.com\/wp-content\/uploads\/2025\/10\/D_NQ_NP_2X_838661-MLA89861739413_082025-F.webp",861,1200,false],"thumbnail":["https:\/\/mimitosbalanceados.com\/wp-content\/uploads\/2025\/10\/D_NQ_NP_2X_838661-MLA89861739413_082025-F-150x150.webp",150,150,true],"medium":["https:\/\/mimitosbalanceados.com\/wp-content\/uploads\/2025\/10\/D_NQ_NP_2X_838661-MLA89861739413_082025-F-215x300.webp",215,300,true],"medium_large":["https:\/\/mimitosbalanceados.com\/wp-content\/uploads\/2025\/10\/D_NQ_NP_2X_838661-MLA89861739413_082025-F-768x1070.webp",768,1070,true],"large":["https:\/\/mimitosbalanceados.com\/wp-content\/uploads\/2025\/10\/D_NQ_NP_2X_838661-MLA89861739413_082025-F-735x1024.webp",735,1024,true],"1536x1536":["https:\/\/mimitosbalanceados.com\/wp-content\/uploads\/2025\/10\/D_NQ_NP_2X_838661-MLA89861739413_082025-F.webp",861,1200,false],"2048x2048":["https:\/\/mimitosbalanceados.com\/wp-content\/uploads\/2025\/10\/D_NQ_NP_2X_838661-MLA89861739413_082025-F.webp",861,1200,false],"woocommerce_thumbnail":["https:\/\/mimitosbalanceados.com\/wp-content\/uploads\/2025\/10\/D_NQ_NP_2X_838661-MLA89861739413_082025-F-300x300.webp",300,300,true],"woocommerce_single":["https:\/\/mimitosbalanceados.com\/wp-content\/uploads\/2025\/10\/D_NQ_NP_2X_838661-MLA89861739413_082025-F-600x836.webp",600,836,true],"woocommerce_gallery_thumbnail":["https:\/\/mimitosbalanceados.com\/wp-content\/uploads\/2025\/10\/D_NQ_NP_2X_838661-MLA89861739413_082025-F-100x100.webp",100,100,true]},"uagb_author_info":{"display_name":"Enzo Fernando","author_link":"https:\/\/mimitosbalanceados.com\/?author=0"},"uagb_comment_info":0,"uagb_excerpt":"FUNDA CUBRE ASIENTO TRASERO PARA MASCOTAS Caracter\u00edsticas: &gt; CONFECCIONADO LONA PL\u00c1STICA IMPERMEABLE. &gt; F\u00c1CIL LIMPIEZA. &gt; IMPERMEABLE. &gt; SUPER RESISTENTE. &gt; INCLUYE CORREAS DE SUJECI\u00d3N PARA LOS APOYACABEZAS Y ABERTURAS PARA CINTUR\u00d3N DE SEGURIDAD, ABERTURA CENTRAL CON ABROJO EN LA PARTE FRONTAL Y COSTADOS. &gt; HEBILLA MOCHILERA DE SEGURIDAD, PARA EVITAR APERTURAS. &gt; USO CERRADO...","_links":{"self":[{"href":"https:\/\/mimitosbalanceados.com\/index.php?rest_route=\/wp\/v2\/product\/5989","targetHints":{"allow":["GET"]}}],"collection":[{"href":"https:\/\/mimitosbalanceados.com\/index.php?rest_route=\/wp\/v2\/product"}],"about":[{"href":"https:\/\/mimitosbalanceados.com\/index.php?rest_route=\/wp\/v2\/types\/product"}],"replies":[{"embeddable":true,"href":"https:\/\/mimitosbalanceados.com\/index.php?rest_route=%2Fwp%2Fv2%2Fcomments&post=5989"}],"wp:featuredmedia":[{"embeddable":true,"href":"https:\/\/mimitosbalanceados.com\/index.php?rest_route=\/wp\/v2\/media\/5990"}],"wp:attachment":[{"href":"https:\/\/mimitosbalanceados.com\/index.php?rest_route=%2Fwp%2Fv2%2Fmedia&parent=5989"}],"wp:term":[{"taxonomy":"product_brand","embeddable":true,"href":"https:\/\/mimitosbalanceados.com\/index.php?rest_route=%2Fwp%2Fv2%2Fproduct_brand&post=5989"},{"taxonomy":"product_cat","embeddable":true,"href":"https:\/\/mimitosbalanceados.com\/index.php?rest_route=%2Fwp%2Fv2%2Fproduct_cat&post=5989"},{"taxonomy":"product_tag","embeddable":true,"href":"https:\/\/mimitosbalanceados.com\/index.php?rest_route=%2Fwp%2Fv2%2Fproduct_tag&post=5989"}],"curies":[{"name":"wp","href":"https:\/\/api.w.org\/{rel}","templated":true}]}}