{"id":5979,"date":"2025-10-31T04:28:27","date_gmt":"2025-10-31T04:28:27","guid":{"rendered":"https:\/\/mimitosbalanceados.com\/?post_type=product&#038;p=5979"},"modified":"2025-10-31T04:28:27","modified_gmt":"2025-10-31T04:28:27","slug":"mochila-transportadora-mascotas-gadnic-gato-perro-capsula-acrilico-burbuja","status":"publish","type":"product","link":"https:\/\/mimitosbalanceados.com\/?product=mochila-transportadora-mascotas-gadnic-gato-perro-capsula-acrilico-burbuja","title":{"rendered":"Mochila Transportadora Mascotas Gadnic Gato Perro Capsula Acr\u00edlico Burbuja"},"content":{"rendered":"<p>ACERCA DE \u00c9STE PRODUCTO:<\/p>\n<p>Mochila transportadora de mascotas con dise\u00f1o ergon\u00f3mico y pr\u00e1ctico para el traslado seguro y confortable de tu compa\u00f1ero de cuatro patas.<\/p>\n<p>Con sistema de aireado 360:<br \/>\nEquipada con m\u00faltiples orificios de ventilaci\u00f3n en la parte delantera, laterales y espalda, asegurando una circulaci\u00f3n de aire adecuada para el bienestar de la mascota.<\/p>\n<p>El frente transparente de la mochila permite una visibilidad clara y entrada de luz, facilitando un ambiente agradable para el animal durante el transporte.<\/p>\n<p>_______________________________________________________________<\/p>\n<p>CARACTER\u00cdSTICAS:<\/p>\n<p>&#8211; Peso m\u00e1ximo soportado: 6,5kg<br \/>\n&#8211; Material: Tela impermeable + acr\u00edlico<br \/>\n&#8211; Sistema de aireado: S\u00ed<br \/>\n&#8211; Cierres reforzados: S\u00ed<br \/>\n&#8211; Apto para perros y gatos<\/p>\n<p>SE ENTREGA CON:<\/p>\n<p>&#8211; 1x Mochila Transportadora De Mascotas<\/p>\n","protected":false},"excerpt":{"rendered":"<p>ACERCA DE \u00c9STE PRODUCTO: Mochila transportadora de mascotas con dise\u00f1o ergon\u00f3mico y pr\u00e1ctico para el traslado seguro y confortable de tu compa\u00f1ero de cuatro patas. Con sistema de aireado 360: Equipada con m\u00faltiples orificios de ventilaci\u00f3n en la parte delantera, laterales y espalda, asegurando una circulaci\u00f3n de aire adecuada para el bienestar de la mascota&#8230;.<\/p>\n","protected":false},"featured_media":5980,"comment_status":"open","ping_status":"closed","template":"","meta":{"_uag_custom_page_level_css":"","_kad_post_transparent":"default","_kad_post_title":"","_kad_post_layout":"default","_kad_post_sidebar_id":"","_kad_post_content_style":"default","_kad_post_vertical_padding":"default","_kad_post_feature":"","_kad_post_feature_position":"","_kad_post_header":false,"_kad_post_footer":false},"product_brand":[],"product_cat":[39],"product_tag":[],"class_list":{"0":"post-5979","1":"product","2":"type-product","3":"status-publish","4":"has-post-thumbnail","6":"product_cat-gatos","7":"product_shipping_class-correo-argentino","9":"first","10":"instock","11":"sale","12":"shipping-taxable","13":"purchasable","14":"product-type-simple","15":"entry","16":"content-bg","17":"loop-entry"},"aioseo_notices":[],"uagb_featured_image_src":{"full":["https:\/\/mimitosbalanceados.com\/wp-content\/uploads\/2025\/10\/D_NQ_NP_2X_768221-MLA96151549829_102025-F.webp",1012,1200,false],"thumbnail":["https:\/\/mimitosbalanceados.com\/wp-content\/uploads\/2025\/10\/D_NQ_NP_2X_768221-MLA96151549829_102025-F-150x150.webp",150,150,true],"medium":["https:\/\/mimitosbalanceados.com\/wp-content\/uploads\/2025\/10\/D_NQ_NP_2X_768221-MLA96151549829_102025-F-253x300.webp",253,300,true],"medium_large":["https:\/\/mimitosbalanceados.com\/wp-content\/uploads\/2025\/10\/D_NQ_NP_2X_768221-MLA96151549829_102025-F-768x911.webp",768,911,true],"large":["https:\/\/mimitosbalanceados.com\/wp-content\/uploads\/2025\/10\/D_NQ_NP_2X_768221-MLA96151549829_102025-F-864x1024.webp",864,1024,true],"1536x1536":["https:\/\/mimitosbalanceados.com\/wp-content\/uploads\/2025\/10\/D_NQ_NP_2X_768221-MLA96151549829_102025-F.webp",1012,1200,false],"2048x2048":["https:\/\/mimitosbalanceados.com\/wp-content\/uploads\/2025\/10\/D_NQ_NP_2X_768221-MLA96151549829_102025-F.webp",1012,1200,false],"woocommerce_thumbnail":["https:\/\/mimitosbalanceados.com\/wp-content\/uploads\/2025\/10\/D_NQ_NP_2X_768221-MLA96151549829_102025-F-300x300.webp",300,300,true],"woocommerce_single":["https:\/\/mimitosbalanceados.com\/wp-content\/uploads\/2025\/10\/D_NQ_NP_2X_768221-MLA96151549829_102025-F-600x711.webp",600,711,true],"woocommerce_gallery_thumbnail":["https:\/\/mimitosbalanceados.com\/wp-content\/uploads\/2025\/10\/D_NQ_NP_2X_768221-MLA96151549829_102025-F-100x100.webp",100,100,true]},"uagb_author_info":{"display_name":"Enzo Fernando","author_link":"https:\/\/mimitosbalanceados.com\/?author=0"},"uagb_comment_info":0,"uagb_excerpt":"ACERCA DE \u00c9STE PRODUCTO: Mochila transportadora de mascotas con dise\u00f1o ergon\u00f3mico y pr\u00e1ctico para el traslado seguro y confortable de tu compa\u00f1ero de cuatro patas. Con sistema de aireado 360: Equipada con m\u00faltiples orificios de ventilaci\u00f3n en la parte delantera, laterales y espalda, asegurando una circulaci\u00f3n de aire adecuada para el bienestar de la mascota....","_links":{"self":[{"href":"https:\/\/mimitosbalanceados.com\/index.php?rest_route=\/wp\/v2\/product\/5979","targetHints":{"allow":["GET"]}}],"collection":[{"href":"https:\/\/mimitosbalanceados.com\/index.php?rest_route=\/wp\/v2\/product"}],"about":[{"href":"https:\/\/mimitosbalanceados.com\/index.php?rest_route=\/wp\/v2\/types\/product"}],"replies":[{"embeddable":true,"href":"https:\/\/mimitosbalanceados.com\/index.php?rest_route=%2Fwp%2Fv2%2Fcomments&post=5979"}],"wp:featuredmedia":[{"embeddable":true,"href":"https:\/\/mimitosbalanceados.com\/index.php?rest_route=\/wp\/v2\/media\/5980"}],"wp:attachment":[{"href":"https:\/\/mimitosbalanceados.com\/index.php?rest_route=%2Fwp%2Fv2%2Fmedia&parent=5979"}],"wp:term":[{"taxonomy":"product_brand","embeddable":true,"href":"https:\/\/mimitosbalanceados.com\/index.php?rest_route=%2Fwp%2Fv2%2Fproduct_brand&post=5979"},{"taxonomy":"product_cat","embeddable":true,"href":"https:\/\/mimitosbalanceados.com\/index.php?rest_route=%2Fwp%2Fv2%2Fproduct_cat&post=5979"},{"taxonomy":"product_tag","embeddable":true,"href":"https:\/\/mimitosbalanceados.com\/index.php?rest_route=%2Fwp%2Fv2%2Fproduct_tag&post=5979"}],"curies":[{"name":"wp","href":"https:\/\/api.w.org\/{rel}","templated":true}]}}