{"id":5966,"date":"2025-10-31T04:13:14","date_gmt":"2025-10-31T04:13:14","guid":{"rendered":"https:\/\/mimitosbalanceados.com\/?post_type=product&#038;p=5966"},"modified":"2025-10-31T04:13:14","modified_gmt":"2025-10-31T04:13:14","slug":"cepillo-a-vapor","status":"publish","type":"product","link":"https:\/\/mimitosbalanceados.com\/?product=cepillo-a-vapor","title":{"rendered":"Cepillo &#8211; A Vapor"},"content":{"rendered":"<h5 class=\"font-big mb-4\">Descripci\u00f3n<\/h5>\n<div class=\"user-content font-small mb-4\">\n<p data-start=\"155\" data-end=\"263\">\ud83c\udf89\u00a0<strong data-start=\"158\" data-end=\"192\">\u00a1Llevate 2 por el precio de 1!<\/strong>\u00a0\ud83c\udf89<br data-start=\"195\" data-end=\"198\" \/>Promo v\u00e1lida en productos seleccionados\u00a0<strong data-start=\"238\" data-end=\"260\">hasta agotar stock<\/strong>.<\/p>\n<p data-start=\"265\" data-end=\"517\">\ud83d\uded2\u00a0<strong data-start=\"268\" data-end=\"292\">C\u00f3mo aplicar el 2&#215;1:<\/strong><br data-start=\"292\" data-end=\"295\" \/>1\ufe0f\u20e3 Agreg\u00e1\u00a0<strong data-start=\"306\" data-end=\"339\">2 unidades del mismo producto<\/strong>\u00a0al carrito, o<br data-start=\"353\" data-end=\"356\" \/>2\ufe0f\u20e3 Combin\u00e1\u00a0<strong data-start=\"368\" data-end=\"394\">2 productos diferentes<\/strong>\u00a0dentro de la\u00a0<strong data-start=\"408\" data-end=\"425\" data-is-only-node=\"\">categor\u00eda 2&#215;1<\/strong>\u00a0(por ejemplo: un\u00a0<strong data-start=\"443\" data-end=\"481\">Box Quita Pelos + un Box Diversi\u00f3n<\/strong>, o un\u00a0<strong data-start=\"488\" data-end=\"513\">juguete + una botella<\/strong>).<\/p>\n<p data-start=\"519\" data-end=\"626\">\ud83d\udd16 El sistema\u00a0<strong data-start=\"533\" data-end=\"597\">descuenta autom\u00e1ticamente el producto de menor o igual valor<\/strong>, \u00a1y te llega de regalo! \ud83d\udc9d<\/p>\n<p>Este cepillo de vapor port\u00e1til para mascotas es una herramienta imprescindible para mantener a tu peludo amigo limpio y saludable, eliminando la suciedad y el polvo del pelaje de forma r\u00e1pida y eficiente.<\/p>\n<p>Caracter\u00edsticas:<\/p>\n<ul>\n<li><strong>Forma ergon\u00f3mica:<\/strong>\u00a0dise\u00f1ado con un tama\u00f1o perfecto para un agarre c\u00f3modo.<\/li>\n<li><strong>Portabilidad:<\/strong>\u00a0se carga f\u00e1cilmente con su cable USB, lo que lo hace ideal para llevar a cualquier lugar y cuidar a tu mascota en cualquier momento.<\/li>\n<li><strong>Cerdas suaves:\u00a0<\/strong>se deslizan delicadamente por el cuerpo de tu mascota.<\/li>\n<li><strong>Funci\u00f3n de vapor: c<\/strong>on un bot\u00f3n que libera vapor, facilitando el peinado y masajeando a tu mascota mientras elimina el pelo suelto.<\/li>\n<\/ul>\n<p><strong>TIP:\u00a0<\/strong>podes agregarle un poco de su perfume al compartimiento del agua para dejar con un riquisimo aroma a tu peludo.<\/p>\n<\/div>\n","protected":false},"excerpt":{"rendered":"<p>Descripci\u00f3n \ud83c\udf89\u00a0\u00a1Llevate 2 por el precio de 1!\u00a0\ud83c\udf89Promo v\u00e1lida en productos seleccionados\u00a0hasta agotar stock. \ud83d\uded2\u00a0C\u00f3mo aplicar el 2&#215;1:1\ufe0f\u20e3 Agreg\u00e1\u00a02 unidades del mismo producto\u00a0al carrito, o2\ufe0f\u20e3 Combin\u00e1\u00a02 productos diferentes\u00a0dentro de la\u00a0categor\u00eda 2&#215;1\u00a0(por ejemplo: un\u00a0Box Quita Pelos + un Box Diversi\u00f3n, o un\u00a0juguete + una botella). \ud83d\udd16 El sistema\u00a0descuenta autom\u00e1ticamente el producto de menor o igual valor,&#8230;<\/p>\n","protected":false},"featured_media":5970,"comment_status":"open","ping_status":"closed","template":"","meta":{"_uag_custom_page_level_css":"","_kad_post_transparent":"default","_kad_post_title":"","_kad_post_layout":"default","_kad_post_sidebar_id":"","_kad_post_content_style":"default","_kad_post_vertical_padding":"default","_kad_post_feature":"","_kad_post_feature_position":"","_kad_post_header":false,"_kad_post_footer":false},"product_brand":[],"product_cat":[42,39,15],"product_tag":[],"class_list":{"0":"post-5966","1":"product","2":"type-product","3":"status-publish","4":"has-post-thumbnail","6":"product_cat-cyber","7":"product_cat-gatos","8":"product_cat-mimitos","9":"product_shipping_class-correo-argentino","11":"first","12":"instock","13":"sale","14":"shipping-taxable","15":"purchasable","16":"product-type-simple","17":"entry","18":"content-bg","19":"loop-entry"},"aioseo_notices":[],"uagb_featured_image_src":{"full":["https:\/\/mimitosbalanceados.com\/wp-content\/uploads\/2025\/10\/diseno-sin-titulo-33-b228f76d3353f0b30e17362602158874-1024-1024.webp",1024,1024,false],"thumbnail":["https:\/\/mimitosbalanceados.com\/wp-content\/uploads\/2025\/10\/diseno-sin-titulo-33-b228f76d3353f0b30e17362602158874-1024-1024-150x150.webp",150,150,true],"medium":["https:\/\/mimitosbalanceados.com\/wp-content\/uploads\/2025\/10\/diseno-sin-titulo-33-b228f76d3353f0b30e17362602158874-1024-1024-300x300.webp",300,300,true],"medium_large":["https:\/\/mimitosbalanceados.com\/wp-content\/uploads\/2025\/10\/diseno-sin-titulo-33-b228f76d3353f0b30e17362602158874-1024-1024-768x768.webp",768,768,true],"large":["https:\/\/mimitosbalanceados.com\/wp-content\/uploads\/2025\/10\/diseno-sin-titulo-33-b228f76d3353f0b30e17362602158874-1024-1024.webp",1024,1024,false],"1536x1536":["https:\/\/mimitosbalanceados.com\/wp-content\/uploads\/2025\/10\/diseno-sin-titulo-33-b228f76d3353f0b30e17362602158874-1024-1024.webp",1024,1024,false],"2048x2048":["https:\/\/mimitosbalanceados.com\/wp-content\/uploads\/2025\/10\/diseno-sin-titulo-33-b228f76d3353f0b30e17362602158874-1024-1024.webp",1024,1024,false],"woocommerce_thumbnail":["https:\/\/mimitosbalanceados.com\/wp-content\/uploads\/2025\/10\/diseno-sin-titulo-33-b228f76d3353f0b30e17362602158874-1024-1024-300x300.webp",300,300,true],"woocommerce_single":["https:\/\/mimitosbalanceados.com\/wp-content\/uploads\/2025\/10\/diseno-sin-titulo-33-b228f76d3353f0b30e17362602158874-1024-1024-600x600.webp",600,600,true],"woocommerce_gallery_thumbnail":["https:\/\/mimitosbalanceados.com\/wp-content\/uploads\/2025\/10\/diseno-sin-titulo-33-b228f76d3353f0b30e17362602158874-1024-1024-100x100.webp",100,100,true]},"uagb_author_info":{"display_name":"Enzo Fernando","author_link":"https:\/\/mimitosbalanceados.com\/?author=0"},"uagb_comment_info":0,"uagb_excerpt":"Descripci\u00f3n \ud83c\udf89\u00a0\u00a1Llevate 2 por el precio de 1!\u00a0\ud83c\udf89Promo v\u00e1lida en productos seleccionados\u00a0hasta agotar stock. \ud83d\uded2\u00a0C\u00f3mo aplicar el 2&#215;1:1\ufe0f\u20e3 Agreg\u00e1\u00a02 unidades del mismo producto\u00a0al carrito, o2\ufe0f\u20e3 Combin\u00e1\u00a02 productos diferentes\u00a0dentro de la\u00a0categor\u00eda 2&#215;1\u00a0(por ejemplo: un\u00a0Box Quita Pelos + un Box Diversi\u00f3n, o un\u00a0juguete + una botella). \ud83d\udd16 El sistema\u00a0descuenta autom\u00e1ticamente el producto de menor o igual valor,...","_links":{"self":[{"href":"https:\/\/mimitosbalanceados.com\/index.php?rest_route=\/wp\/v2\/product\/5966","targetHints":{"allow":["GET"]}}],"collection":[{"href":"https:\/\/mimitosbalanceados.com\/index.php?rest_route=\/wp\/v2\/product"}],"about":[{"href":"https:\/\/mimitosbalanceados.com\/index.php?rest_route=\/wp\/v2\/types\/product"}],"replies":[{"embeddable":true,"href":"https:\/\/mimitosbalanceados.com\/index.php?rest_route=%2Fwp%2Fv2%2Fcomments&post=5966"}],"wp:featuredmedia":[{"embeddable":true,"href":"https:\/\/mimitosbalanceados.com\/index.php?rest_route=\/wp\/v2\/media\/5970"}],"wp:attachment":[{"href":"https:\/\/mimitosbalanceados.com\/index.php?rest_route=%2Fwp%2Fv2%2Fmedia&parent=5966"}],"wp:term":[{"taxonomy":"product_brand","embeddable":true,"href":"https:\/\/mimitosbalanceados.com\/index.php?rest_route=%2Fwp%2Fv2%2Fproduct_brand&post=5966"},{"taxonomy":"product_cat","embeddable":true,"href":"https:\/\/mimitosbalanceados.com\/index.php?rest_route=%2Fwp%2Fv2%2Fproduct_cat&post=5966"},{"taxonomy":"product_tag","embeddable":true,"href":"https:\/\/mimitosbalanceados.com\/index.php?rest_route=%2Fwp%2Fv2%2Fproduct_tag&post=5966"}],"curies":[{"name":"wp","href":"https:\/\/api.w.org\/{rel}","templated":true}]}}