{"id":3,"date":"2025-10-10T00:13:56","date_gmt":"2025-10-10T00:13:56","guid":{"rendered":"https:\/\/mimitosbalanceados.com\/?page_id=3"},"modified":"2025-10-17T16:14:58","modified_gmt":"2025-10-17T16:14:58","slug":"privacy-policy","status":"publish","type":"page","link":"https:\/\/mimitosbalanceados.com\/?page_id=3","title":{"rendered":"Politicas de Privacidad"},"content":{"rendered":"\n<h2 class=\"wp-block-heading\">Privacidad<\/h2>\n\n\n\n<p>Mimitos respeta su derecho de privacidad. Esta pol\u00edtica resume qu\u00e9 informaci\u00f3n personal podemos recoger, de qu\u00e9 manera podemos utilizar esta informaci\u00f3n y otros temas importantes relacionados con su privacidad y protecci\u00f3n de datos.<\/p>\n\n\n\n<p>Es pol\u00edtica de&nbsp;Innovo Market&nbsp;cumplir con todas las leyes de privacidad y de protecci\u00f3n de datos vigentes. Este compromiso refleja el valor que le damos al hecho de obtener y conservar la confianza de nuestros clientes, socios comerciales y dem\u00e1s personas que comparten su informaci\u00f3n personal con nosotros.<\/p>\n\n\n\n<p>Esta Pol\u00edtica se aplica a todos los Sitios de Internet y aplicaciones m\u00f3viles administrados por\u00a0Innovo Market\u00a0o en su nombre. Tambi\u00e9n se aplica a toda la informaci\u00f3n personal que\u00a0Mimitos\u00a0pueda recoger de cualquier otro modo: (i) a trav\u00e9s de nuestros productos y servicios; (ii) cuando interact\u00faa con nosotros por medios distintos de un Sitio de Internet o Aplicaci\u00f3n M\u00f3vil de\u00a0Innovo Market, por ejemplo, de manera presencial, por tel\u00e9fono o en una feria de muestras o formaci\u00f3n; y (iii) a trav\u00e9s de nuestros clientes, distribuidores, proveedores, vendedores y otros socios comerciales (en conjunto, \u201cSocios Comerciales\u201d).<\/p>\n\n\n\n<p>No obstante, los Sitios de Internet, Aplicaciones M\u00f3viles, productos y servicios de&nbsp;Innovo Market&nbsp;pueden tener fines y caracter\u00edsticas distintas. Si se necesita proporcionar informaci\u00f3n adicional o diferente para un determinado Sitio de Internet, Aplicaci\u00f3n M\u00f3vil, producto o servicio espec\u00edfico de&nbsp;Innovo Market, se publicar\u00e1 dicha obligaci\u00f3n por separado en el Sitio de Internet, Aplicaci\u00f3n M\u00f3vil, producto o servicio que sea pertinente. Cada una de estas obligaciones de proporcionar informaci\u00f3n adicionales, pol\u00edticas o declaraciones de privacidad espec\u00edficas (\u201cDeclaraci\u00f3n de Privacidad Espec\u00edfica\u201d) complementan y enmiendan esta Pol\u00edtica.<\/p>\n\n\n\n<p><\/p>\n","protected":false},"excerpt":{"rendered":"<p>Privacidad Mimitos respeta su derecho de privacidad. Esta pol\u00edtica resume qu\u00e9 informaci\u00f3n personal podemos recoger, de qu\u00e9 manera podemos utilizar esta informaci\u00f3n y otros temas importantes relacionados con su privacidad y protecci\u00f3n de datos. Es pol\u00edtica de&nbsp;Innovo Market&nbsp;cumplir con todas las leyes de privacidad y de protecci\u00f3n de datos vigentes. Este compromiso refleja el valor&#8230;<\/p>\n","protected":false},"author":1,"featured_media":0,"parent":0,"menu_order":0,"comment_status":"closed","ping_status":"closed","template":"","meta":{"_uag_custom_page_level_css":"","_kad_post_transparent":"","_kad_post_title":"","_kad_post_layout":"","_kad_post_sidebar_id":"","_kad_post_content_style":"","_kad_post_vertical_padding":"","_kad_post_feature":"","_kad_post_feature_position":"","_kad_post_header":false,"_kad_post_footer":false,"footnotes":""},"class_list":["post-3","page","type-page","status-publish","hentry"],"aioseo_notices":[],"_hostinger_reach_plugin_has_subscription_block":false,"_hostinger_reach_plugin_is_elementor":false,"uagb_featured_image_src":{"full":false,"thumbnail":false,"medium":false,"medium_large":false,"large":false,"1536x1536":false,"2048x2048":false,"woocommerce_thumbnail":false,"woocommerce_single":false,"woocommerce_gallery_thumbnail":false},"uagb_author_info":{"display_name":"Enzo Fernando","author_link":"https:\/\/mimitosbalanceados.com\/?author=1"},"uagb_comment_info":0,"uagb_excerpt":"Privacidad Mimitos respeta su derecho de privacidad. Esta pol\u00edtica resume qu\u00e9 informaci\u00f3n personal podemos recoger, de qu\u00e9 manera podemos utilizar esta informaci\u00f3n y otros temas importantes relacionados con su privacidad y protecci\u00f3n de datos. Es pol\u00edtica de&nbsp;Innovo Market&nbsp;cumplir con todas las leyes de privacidad y de protecci\u00f3n de datos vigentes. Este compromiso refleja el valor...","_links":{"self":[{"href":"https:\/\/mimitosbalanceados.com\/index.php?rest_route=\/wp\/v2\/pages\/3","targetHints":{"allow":["GET"]}}],"collection":[{"href":"https:\/\/mimitosbalanceados.com\/index.php?rest_route=\/wp\/v2\/pages"}],"about":[{"href":"https:\/\/mimitosbalanceados.com\/index.php?rest_route=\/wp\/v2\/types\/page"}],"author":[{"embeddable":true,"href":"https:\/\/mimitosbalanceados.com\/index.php?rest_route=\/wp\/v2\/users\/1"}],"replies":[{"embeddable":true,"href":"https:\/\/mimitosbalanceados.com\/index.php?rest_route=%2Fwp%2Fv2%2Fcomments&post=3"}],"version-history":[{"count":2,"href":"https:\/\/mimitosbalanceados.com\/index.php?rest_route=\/wp\/v2\/pages\/3\/revisions"}],"predecessor-version":[{"id":5854,"href":"https:\/\/mimitosbalanceados.com\/index.php?rest_route=\/wp\/v2\/pages\/3\/revisions\/5854"}],"wp:attachment":[{"href":"https:\/\/mimitosbalanceados.com\/index.php?rest_route=%2Fwp%2Fv2%2Fmedia&parent=3"}],"curies":[{"name":"wp","href":"https:\/\/api.w.org\/{rel}","templated":true}]}}