{"id":10,"date":"2025-10-17T16:10:50","date_gmt":"2025-10-17T16:10:50","guid":{"rendered":"https:\/\/mimitosbalanceados.com\/?page_id=10"},"modified":"2025-10-17T16:13:52","modified_gmt":"2025-10-17T16:13:52","slug":"refund_returns","status":"publish","type":"page","link":"https:\/\/mimitosbalanceados.com\/?page_id=10","title":{"rendered":"Pol\u00edtica de reembolsos y devoluciones"},"content":{"rendered":"\n<p>Pol\u00edtica de Devoluci\u00f3n<\/p>\n\n\n\n<h1 class=\"wp-block-heading\">\u00a1Gracias por comprar en Mimitos!<\/h1>\n\n\n\n<p>Ofrecemos devoluci\u00f3n o cambio de producto hasta 30 d\u00edas a partir de que el cliente recibe la compra, \u00fanicamente por mal funcionamiento. Si han transcurrido 30 d\u00edas o m\u00e1s desde tu compra, no se te ofrecer\u00e1 un reembolso y\/o cambio de ning\u00fan tipo.<\/p>\n\n\n\n<h2 class=\"wp-block-heading\">Elegibilidad para reembolsos y cambios<\/h2>\n\n\n\n<p>Tu art\u00edculo debe estar sin usar y en las mismas condiciones en que lo recibi\u00f3.<\/p>\n\n\n\n<p>El art\u00edculo debe estar en el embalaje original.<\/p>\n\n\n\n<p>Para completar tu devoluci\u00f3n, requerimos un recibo o comprobante de compra.<\/p>\n\n\n\n<p>Si el art\u00edculo en cuesti\u00f3n fue marcado como un regalo cuando fue comprado y se envi\u00f3 directamente a ti, recibir\u00e1s un cr\u00e9dito de regalo por el valor de tu devoluci\u00f3n.<\/p>\n\n\n\n<h2 class=\"wp-block-heading\">Cambios<\/h2>\n\n\n\n<p>Solo reemplazamos los art\u00edculos si est\u00e1n defectuosos o da\u00f1ados de f\u00e1brica. Si necesitas cambiarlo por el mismo art\u00edculo, env\u00edanos un email a&nbsp;innovomarketstore@gmail.com<\/p>\n\n\n\n<h2 class=\"wp-block-heading\">Reembolsos atrasados \u200b\u200bo faltantes<\/h2>\n\n\n\n<p>Si a\u00fan no has recibido un reembolso, primero verifica otra vez tu cuenta bancaria. Luego, comun\u00edcate con la compa\u00f1\u00eda de tu tarjeta de cr\u00e9dito. Puede tomar alg\u00fan tiempo antes de que se publique oficialmente tu reembolso.<\/p>\n\n\n\n<p>Si has hecho todo esto y a\u00fan no has recibido tu reembolso, comun\u00edcate con nosotros a&nbsp;innovomarketstore@gmail.com<\/p>\n\n\n\n<h2 class=\"wp-block-heading\">Env\u00edo<\/h2>\n\n\n\n<p>Usted ser\u00e1 responsable de pagar sus propios costos de env\u00edo para devolver su art\u00edculo.<\/p>\n\n\n\n<p>Si recibes un reembolso, el costo del env\u00edo de devoluci\u00f3n no se deducir\u00e1 de tu reembolso.<\/p>\n\n\n\n<p>Dependiendo de d\u00f3nde viva, el tiempo que tarde tu producto cambiado puede variar en llegar a ti.<\/p>\n\n\n\n<p>Por favor, nota que no podemos garantizar que recibiremos tu art\u00edculo devuelto.<\/p>\n\n\n\n<p><\/p>\n","protected":false},"excerpt":{"rendered":"<p>Pol\u00edtica de Devoluci\u00f3n \u00a1Gracias por comprar en Mimitos! Ofrecemos devoluci\u00f3n o cambio de producto hasta 30 d\u00edas a partir de que el cliente recibe la compra, \u00fanicamente por mal funcionamiento. Si han transcurrido 30 d\u00edas o m\u00e1s desde tu compra, no se te ofrecer\u00e1 un reembolso y\/o cambio de ning\u00fan tipo. Elegibilidad para reembolsos y&#8230;<\/p>\n","protected":false},"author":1,"featured_media":0,"parent":0,"menu_order":0,"comment_status":"closed","ping_status":"closed","template":"","meta":{"_uag_custom_page_level_css":"","_kad_post_transparent":"","_kad_post_title":"","_kad_post_layout":"","_kad_post_sidebar_id":"","_kad_post_content_style":"","_kad_post_vertical_padding":"","_kad_post_feature":"","_kad_post_feature_position":"","_kad_post_header":false,"_kad_post_footer":false,"footnotes":""},"class_list":["post-10","page","type-page","status-publish","hentry"],"aioseo_notices":[],"_hostinger_reach_plugin_has_subscription_block":false,"_hostinger_reach_plugin_is_elementor":false,"uagb_featured_image_src":{"full":false,"thumbnail":false,"medium":false,"medium_large":false,"large":false,"1536x1536":false,"2048x2048":false,"woocommerce_thumbnail":false,"woocommerce_single":false,"woocommerce_gallery_thumbnail":false},"uagb_author_info":{"display_name":"Enzo Fernando","author_link":"https:\/\/mimitosbalanceados.com\/?author=1"},"uagb_comment_info":0,"uagb_excerpt":"Pol\u00edtica de Devoluci\u00f3n \u00a1Gracias por comprar en Mimitos! Ofrecemos devoluci\u00f3n o cambio de producto hasta 30 d\u00edas a partir de que el cliente recibe la compra, \u00fanicamente por mal funcionamiento. Si han transcurrido 30 d\u00edas o m\u00e1s desde tu compra, no se te ofrecer\u00e1 un reembolso y\/o cambio de ning\u00fan tipo. Elegibilidad para reembolsos y...","_links":{"self":[{"href":"https:\/\/mimitosbalanceados.com\/index.php?rest_route=\/wp\/v2\/pages\/10","targetHints":{"allow":["GET"]}}],"collection":[{"href":"https:\/\/mimitosbalanceados.com\/index.php?rest_route=\/wp\/v2\/pages"}],"about":[{"href":"https:\/\/mimitosbalanceados.com\/index.php?rest_route=\/wp\/v2\/types\/page"}],"author":[{"embeddable":true,"href":"https:\/\/mimitosbalanceados.com\/index.php?rest_route=\/wp\/v2\/users\/1"}],"replies":[{"embeddable":true,"href":"https:\/\/mimitosbalanceados.com\/index.php?rest_route=%2Fwp%2Fv2%2Fcomments&post=10"}],"version-history":[{"count":3,"href":"https:\/\/mimitosbalanceados.com\/index.php?rest_route=\/wp\/v2\/pages\/10\/revisions"}],"predecessor-version":[{"id":5853,"href":"https:\/\/mimitosbalanceados.com\/index.php?rest_route=\/wp\/v2\/pages\/10\/revisions\/5853"}],"wp:attachment":[{"href":"https:\/\/mimitosbalanceados.com\/index.php?rest_route=%2Fwp%2Fv2%2Fmedia&parent=10"}],"curies":[{"name":"wp","href":"https:\/\/api.w.org\/{rel}","templated":true}]}}